{"id":2403,"date":"2019-04-16T19:03:01","date_gmt":"2019-04-16T17:03:01","guid":{"rendered":"http:\/\/cykloprojekt.irt.wroc.pl\/?page_id=2403"},"modified":"2022-08-01T14:11:59","modified_gmt":"2022-08-01T12:11:59","slug":"produkty-projektu","status":"publish","type":"page","link":"http:\/\/cykloprojekt.irt.wroc.pl\/index.php\/pl\/produkty-projektu\/","title":{"rendered":"PRODUKTY PROJEKTU"},"content":{"rendered":"<p><a href=\"http:\/\/cykloprojekt.irt.wroc.pl\/wp-content\/uploads\/2019\/08\/INTERNET_PL.pdf\"><img decoding=\"async\" loading=\"lazy\" class=\"alignright wp-image-2554\" src=\"http:\/\/cykloprojekt.irt.wroc.pl\/wp-content\/uploads\/2019\/08\/ok\u0142adka_pl.png\" alt=\"\" width=\"280\" height=\"396\" srcset=\"http:\/\/cykloprojekt.irt.wroc.pl\/wp-content\/uploads\/2019\/08\/ok\u0142adka_pl.png 637w, http:\/\/cykloprojekt.irt.wroc.pl\/wp-content\/uploads\/2019\/08\/ok\u0142adka_pl-212x300.png 212w\" sizes=\"(max-width: 280px) 100vw, 280px\" \/><\/a><\/p>\n<p>Zapraszamy do zapoznania si\u0119 z <span style=\"color: #ff9900;\"><a style=\"color: #ff9900;\" href=\"http:\/\/cykloprojekt.irt.wroc.pl\/wp-content\/uploads\/2019\/08\/INTERNET_PL.pdf\"><span style=\"color: #ff6600;\">PUBLIKACJ\u0104<\/span><\/a><\/span>, kt\u00f3ra przedstawia <strong>wszystkie, nast\u0119puj\u0105ce\u00a0<\/strong><strong>produkty<\/strong> wypracowane w ramach Cykloprojektu:<b><\/b><\/p>\n<ol>\n<li><a href=\"http:\/\/cykloprojekt.irt.wroc.pl\/wp-content\/uploads\/2022\/08\/pl_CZ\u0118\u015aCI-I-scalone.pdf\" target=\"_blank\" rel=\"noopener noreferrer\"><span style=\"color: #ff6600;\"><strong>Koncepcja przebiegu d\u0142ugodystansowej trasy rowerowej<\/strong><\/span><\/a><\/li>\n<li><a href=\"http:\/\/cykloprojekt.irt.wroc.pl\/wp-content\/uploads\/2022\/08\/pl_CZ\u0118\u015aCI-II-scalone.pdf\" target=\"_blank\" rel=\"noopener noreferrer\"><span style=\"color: #ff6600;\"><strong>Koncepcja rozwoju turystyki MTB<\/strong><\/span><\/a><\/li>\n<li><a href=\"http:\/\/cykloprojekt.irt.wroc.pl\/wp-content\/uploads\/2022\/08\/pl_CZ\u0118\u015aCI-III-scalone.pdf\" target=\"_blank\" rel=\"noopener noreferrer\"><span style=\"color: #ff6600;\"><strong>Koncepcja rozwoju turystyki rolkowej<\/strong><\/span><\/a><\/li>\n<li><a href=\"http:\/\/cykloprojekt.irt.wroc.pl\/wp-content\/uploads\/2022\/08\/pl_CZ\u0118\u015aCI-V-scalone.pdf\" target=\"_blank\" rel=\"noopener noreferrer\"><span style=\"color: #ff6600;\"><strong>Strategia wdro\u017ceniowa<\/strong><\/span><\/a><\/li>\n<li><a href=\"http:\/\/cykloprojekt.irt.wroc.pl\/wp-content\/uploads\/2022\/08\/pl_CZ\u0118\u015aCI-IV-scalone.pdf\" target=\"_blank\" rel=\"noopener noreferrer\"><span style=\"color: #ff6600;\"><strong>Strategia marketingowo-promocyjna<\/strong><\/span><\/a><\/li>\n<li><a href=\"http:\/\/cykloprojekt.irt.wroc.pl\/wp-content\/uploads\/2022\/08\/pl_CZ\u0118\u015aCI-VI-scalone.pdf\" target=\"_blank\" rel=\"noopener noreferrer\"><span style=\"color: #ff6600;\"><strong>Dzia\u0142ania modelowe &#8211; skr\u00f3t<\/strong><\/span><\/a><\/li>\n<\/ol>\n<p>Ponadto, w ramach projektu wykonano <strong><span style=\"color: #ff6600;\">INWENTARYZACJ\u0118 <\/span><\/strong><span style=\"color: #333333;\"><span style=\"color: #ff6600;\">tras rowerowych oraz innych obiekt\u00f3w i obszar\u00f3w istotnych dla turystyki rowerowej w obszarze wsparcia programu INTERREG V-A Republika Czeska \u2013 Polska.<\/span><br \/>\nWykonanie inwentaryzacji wynika\u0142o z potrzeby zebrania i ujednolicenia danych, na podstawie kt\u00f3rych w kolejnym kroku wytyczona zosta\u0142a d\u0142ugodystansowa trasa rowerowa. W zakres tematyczny inwentaryzacji wesz\u0142y poza istniej\u0105cymi i projektowanymi trasami rowerowymi m.in. us\u0142ugi towarzysz\u0105ce trasom rowerowym (noclegi, gastronomia), atrakcje kulturowe i przyrodnicze, zlikwidowane linie kolejowe czy te\u017c obszary korzystne dla rozwoju turystyki rowerowej MTB i turystyki rolkowej. Ze wzgl\u0119du na zakres przestrzenny zadania inwentaryzacja by\u0142a prowadzona na podstawie ju\u017c istniej\u0105cych baz danych dost\u0119pnych publicznie lub udost\u0119pnionych przez podmioty nimi dysponuj\u0105ce.<\/span><\/p>\n<ul>\n<li><strong><a href=\"http:\/\/cykloprojekt.irt.wroc.pl\/wp-content\/uploads\/2019\/08\/20180111_IRT_inwentaryzacja.pdf\">Prezentacja og\u00f3lna<\/a><\/strong><\/li>\n<li><strong><a href=\"http:\/\/cykloprojekt.irt.wroc.pl\/wp-content\/uploads\/2019\/08\/IRT_raport_Etap.1.za\u0142\u0105cznik-PL-scalone.pdf\">Raport z etapu 1 inwentaryzacji<\/a><\/strong><\/li>\n<li><strong><a href=\"http:\/\/cykloprojekt.irt.wroc.pl\/wp-content\/uploads\/2019\/08\/IRT_raport_Etap.2.PL_.pdf\">Raport z etapu 2 inwentaryzacji<\/a><\/strong><\/li>\n<\/ul>\n","protected":false},"excerpt":{"rendered":"<p>Zapraszamy do zapoznania si\u0119 z PUBLIKACJ\u0104, kt\u00f3ra przedstawia wszystkie, nast\u0119puj\u0105ce\u00a0produkty wypracowane w ramach Cykloprojektu: Koncepcja przebiegu d\u0142ugodystansowej trasy rowerowej Koncepcja rozwoju turystyki MTB&#8230;<\/p>\n","protected":false},"author":2,"featured_media":0,"parent":0,"menu_order":0,"comment_status":"closed","ping_status":"closed","template":"","meta":[],"_links":{"self":[{"href":"http:\/\/cykloprojekt.irt.wroc.pl\/index.php\/wp-json\/wp\/v2\/pages\/2403"}],"collection":[{"href":"http:\/\/cykloprojekt.irt.wroc.pl\/index.php\/wp-json\/wp\/v2\/pages"}],"about":[{"href":"http:\/\/cykloprojekt.irt.wroc.pl\/index.php\/wp-json\/wp\/v2\/types\/page"}],"author":[{"embeddable":true,"href":"http:\/\/cykloprojekt.irt.wroc.pl\/index.php\/wp-json\/wp\/v2\/users\/2"}],"replies":[{"embeddable":true,"href":"http:\/\/cykloprojekt.irt.wroc.pl\/index.php\/wp-json\/wp\/v2\/comments?post=2403"}],"version-history":[{"count":24,"href":"http:\/\/cykloprojekt.irt.wroc.pl\/index.php\/wp-json\/wp\/v2\/pages\/2403\/revisions"}],"predecessor-version":[{"id":2658,"href":"http:\/\/cykloprojekt.irt.wroc.pl\/index.php\/wp-json\/wp\/v2\/pages\/2403\/revisions\/2658"}],"wp:attachment":[{"href":"http:\/\/cykloprojekt.irt.wroc.pl\/index.php\/wp-json\/wp\/v2\/media?parent=2403"}],"curies":[{"name":"wp","href":"https:\/\/api.w.org\/{rel}","templated":true}]}}