{"id":1305,"date":"2017-02-27T08:57:37","date_gmt":"2017-02-27T07:57:37","guid":{"rendered":"http:\/\/cykloprojekt.irt.wroc.pl\/?page_id=1305"},"modified":"2019-08-05T01:28:22","modified_gmt":"2019-08-04T23:28:22","slug":"o-projekcie","status":"publish","type":"page","link":"https:\/\/cykloprojekt.irt.wroc.pl\/index.php\/pl\/o-projekcie\/","title":{"rendered":"Projekt"},"content":{"rendered":"<p style=\"text-align: left;\">CEL:<\/p>\n<p style=\"text-align: left;\">Celem projektu jest zainicjowanie procesu wdra\u017cania opracowanej w ramach projektu \u201eKoncepcji d\u0142ugodystansowej trasy rowerowej z sieci\u0105 transgranicznych powi\u0105za\u0144 rowerowych\u201d, co b\u0119dzie mo\u017cliwe dzi\u0119ki podj\u0119ciu szeroko zakrojonej wsp\u00f3\u0142pracy transgranicznej pomi\u0119dzy JST oraz NGO w Polsce i Czechach. Zaanga\u017cowanie podmiot\u00f3w administracji publicznej, organizacji pozarz\u0105dowych oraz spo\u0142eczno\u015bci lokalnych jest niezb\u0119dne dla uzyskania pe\u0142nych efekt\u00f3w wsp\u00f3\u0142pracy transgranicznej.<\/p>\n<p style=\"text-align: left;\">DZIA\u0141ANIA:<\/p>\n<p>W ramach projektu planowane s\u0105 dwa typy dzia\u0142a\u0144:<\/p>\n<ul>\n<li>TYP 1 &#8211; wsparcie prowadzenia skoordynowanej polityki regionalnej i lokalnej w obszarze pogranicza,<\/li>\n<li>TYP 2 &#8211; zainicjowanie procesu wdra\u017cania ustale\u0144 Koncepcji.<\/li>\n<\/ul>\n<p><img decoding=\"async\" loading=\"lazy\" class=\"aligncenter size-full wp-image-2562\" src=\"http:\/\/cykloprojekt.irt.wroc.pl\/wp-content\/uploads\/2019\/08\/1_2019-07-25_cykloprojekt-og\u00f3lnie.png\" alt=\"\" width=\"960\" height=\"720\" srcset=\"https:\/\/cykloprojekt.irt.wroc.pl\/wp-content\/uploads\/2019\/08\/1_2019-07-25_cykloprojekt-og\u00f3lnie.png 960w, https:\/\/cykloprojekt.irt.wroc.pl\/wp-content\/uploads\/2019\/08\/1_2019-07-25_cykloprojekt-og\u00f3lnie-300x225.png 300w, https:\/\/cykloprojekt.irt.wroc.pl\/wp-content\/uploads\/2019\/08\/1_2019-07-25_cykloprojekt-og\u00f3lnie-768x576.png 768w\" sizes=\"(max-width: 960px) 100vw, 960px\" \/><\/p>\n<p style=\"text-align: left;\">REZULTATY:<\/p>\n<p style=\"text-align: left;\">W ramach realizacji projektu oczekuje si\u0119 wzrostu zainteresowania turystyk\u0105 rowerow\u0105, zwi\u0119kszenia wiedzy w\u00a0temacie tworzenia atrakcyjnych ofert turystycznych dla rowerzyst\u00f3w oraz polepszenia wsp\u00f3\u0142pracy i\u00a0koegzystencji spo\u0142eczno\u015bci lokalnych.<\/p>\n<p>Zaproponowane w Koncepcji mechanizmy dzia\u0142a\u0144 maj\u0105 stanowi\u0107 podstaw\u0119 do prowadzenia skoordynowanej polityki przez samorz\u0105dy regionalne i lokalne w zakresie rozwoju transgranicznej turystyki rowerowej oraz wskazywa\u0107 pragmatyczne rozwi\u0105zania dla poprawy warunk\u00f3w organizacyjnych i przestrzennych dla inwestycji rowerowych.<\/p>\n<p>FINANSOWANIE:<\/p>\n<p style=\"text-align: left;\">Projekt wsp\u00f3\u0142finansowanym jest ze \u015brodk\u00f3w Europejskiego Funduszu Rozwoju Regionalnego za po\u015brednictwem programu INTERREG V-A Polska \u2013 Republika Czeska. Liderem projektu jest Wojew\u00f3dztwo Dolno\u015bl\u0105skie reprezentowane przez Instytut Rozwoju Terytorialnego, jednostk\u0119 organizacyjn\u0105 samorz\u0105du wojew\u00f3dztwa dolno\u015bl\u0105skiego.<\/p>\n<p style=\"text-align: left;\">Wi\u0119cej informacji o projekcie: \u00a0<a href=\"http:\/\/cykloprojekt.irt.wroc.pl\/wp-content\/uploads\/2017\/02\/Opis-projektu.pdf\">OPIS PROJEKTU<\/a>.<\/p>\n","protected":false},"excerpt":{"rendered":"<p>CEL: Celem projektu jest zainicjowanie procesu wdra\u017cania opracowanej w ramach projektu \u201eKoncepcji d\u0142ugodystansowej trasy rowerowej z sieci\u0105 transgranicznych powi\u0105za\u0144 rowerowych\u201d, co b\u0119dzie mo\u017cliwe&#8230;<\/p>\n","protected":false},"author":1,"featured_media":0,"parent":0,"menu_order":1,"comment_status":"closed","ping_status":"closed","template":"","meta":[],"_links":{"self":[{"href":"https:\/\/cykloprojekt.irt.wroc.pl\/index.php\/wp-json\/wp\/v2\/pages\/1305"}],"collection":[{"href":"https:\/\/cykloprojekt.irt.wroc.pl\/index.php\/wp-json\/wp\/v2\/pages"}],"about":[{"href":"https:\/\/cykloprojekt.irt.wroc.pl\/index.php\/wp-json\/wp\/v2\/types\/page"}],"author":[{"embeddable":true,"href":"https:\/\/cykloprojekt.irt.wroc.pl\/index.php\/wp-json\/wp\/v2\/users\/1"}],"replies":[{"embeddable":true,"href":"https:\/\/cykloprojekt.irt.wroc.pl\/index.php\/wp-json\/wp\/v2\/comments?post=1305"}],"version-history":[{"count":33,"href":"https:\/\/cykloprojekt.irt.wroc.pl\/index.php\/wp-json\/wp\/v2\/pages\/1305\/revisions"}],"predecessor-version":[{"id":2565,"href":"https:\/\/cykloprojekt.irt.wroc.pl\/index.php\/wp-json\/wp\/v2\/pages\/1305\/revisions\/2565"}],"wp:attachment":[{"href":"https:\/\/cykloprojekt.irt.wroc.pl\/index.php\/wp-json\/wp\/v2\/media?parent=1305"}],"curies":[{"name":"wp","href":"https:\/\/api.w.org\/{rel}","templated":true}]}}