{"id":1426,"date":"2017-02-28T13:07:25","date_gmt":"2017-02-28T12:07:25","guid":{"rendered":"http:\/\/cykloprojekt.irt.wroc.pl\/?page_id=1426"},"modified":"2017-03-22T09:52:54","modified_gmt":"2017-03-22T08:52:54","slug":"partners","status":"publish","type":"page","link":"https:\/\/cykloprojekt.irt.wroc.pl\/index.php\/en\/partners\/","title":{"rendered":"Partners"},"content":{"rendered":"<p>PROJECT PARTNERS:<\/p>\n<ul>\n<li>Wojew\u00f3dztwo Dolno\u015bl\u0105skie (<a href=\"http:\/\/www.irt.wroc.pl\" target=\"_blank\">Instytut Rozwoju Terytorialnego<\/a>) \u2013 Lead Partner,<\/li>\n<li><a href=\"http:\/\/www.zabkowice-powiat.pl\/\" target=\"_blank\">Powiat Z\u0105bkowicki<\/a>,<\/li>\n<li><a href=\"http:\/\/wir.eko.org.pl\/\" target=\"_blank\">Wroc\u0142awska Inicjatywa Rowerowa<\/a><a href=\"http:\/\/www.zabkowice-powiat.pl\/\">,<\/a><\/li>\n<li><a href=\"http:\/\/www.orot.pl\" target=\"_blank\">Opolska Regionalna Organizacja Turystyczna<\/a>,<\/li>\n<li><a href=\"http:\/\/www.olza.pl\/\" target=\"_blank\">Stowarzyszenie Rozwoju i Wsp\u00f3\u0142pracy Regionalnej \u201eOlza\u201d<\/a>,<\/li>\n<li><a href=\"http:\/\/www.cyklomesta.cz\/\" target=\"_blank\">Asociace M\u011bst Pro Cyklisty<\/a>,<\/li>\n<li><a href=\"http:\/\/www.orlicko-trebovsko.cz\" target=\"_blank\">Region Orlicko-T\u0159ebovsko,<\/a><\/li>\n<li><a href=\"http:\/\/www.kr-kralovehradecky.cz\/\" target=\"_blank\">Kr\u00e1lov\u00e9hradeck\u00fd Kraj<\/a>.<\/li>\n<li><a href=\"http:\/\/www.nadacepartnerstvi.cz\/\" target=\"_blank\">Nadace Partnerstvi<\/a>.<\/li>\n<\/ul>\n<p>&nbsp;<\/p>\n<p><a href=\"http:\/\/cykloprojekt.irt.wroc.pl\/wp-content\/uploads\/2017\/02\/Partnerzy-projektu-1.jpg\"><img decoding=\"async\" loading=\"lazy\" class=\"alignleft wp-image-1681 size-large\" src=\"http:\/\/cykloprojekt.irt.wroc.pl\/wp-content\/uploads\/2017\/02\/Partnerzy-projektu-1-1024x725.jpg\" width=\"640\" height=\"453\" srcset=\"https:\/\/cykloprojekt.irt.wroc.pl\/wp-content\/uploads\/2017\/02\/Partnerzy-projektu-1-1024x725.jpg 1024w, https:\/\/cykloprojekt.irt.wroc.pl\/wp-content\/uploads\/2017\/02\/Partnerzy-projektu-1-300x212.jpg 300w, https:\/\/cykloprojekt.irt.wroc.pl\/wp-content\/uploads\/2017\/02\/Partnerzy-projektu-1-768x543.jpg 768w\" sizes=\"(max-width: 640px) 100vw, 640px\" \/><\/a><\/p>\n","protected":false},"excerpt":{"rendered":"<p>PROJECT PARTNERS: Wojew\u00f3dztwo Dolno\u015bl\u0105skie (Instytut Rozwoju Terytorialnego) \u2013 Lead Partner, Powiat Z\u0105bkowicki, Wroc\u0142awska Inicjatywa Rowerowa, Opolska Regionalna Organizacja Turystyczna, Stowarzyszenie Rozwoju i Wsp\u00f3\u0142pracy&#8230;<\/p>\n","protected":false},"author":1,"featured_media":0,"parent":0,"menu_order":2,"comment_status":"closed","ping_status":"closed","template":"","meta":[],"_links":{"self":[{"href":"https:\/\/cykloprojekt.irt.wroc.pl\/index.php\/wp-json\/wp\/v2\/pages\/1426"}],"collection":[{"href":"https:\/\/cykloprojekt.irt.wroc.pl\/index.php\/wp-json\/wp\/v2\/pages"}],"about":[{"href":"https:\/\/cykloprojekt.irt.wroc.pl\/index.php\/wp-json\/wp\/v2\/types\/page"}],"author":[{"embeddable":true,"href":"https:\/\/cykloprojekt.irt.wroc.pl\/index.php\/wp-json\/wp\/v2\/users\/1"}],"replies":[{"embeddable":true,"href":"https:\/\/cykloprojekt.irt.wroc.pl\/index.php\/wp-json\/wp\/v2\/comments?post=1426"}],"version-history":[{"count":11,"href":"https:\/\/cykloprojekt.irt.wroc.pl\/index.php\/wp-json\/wp\/v2\/pages\/1426\/revisions"}],"predecessor-version":[{"id":1923,"href":"https:\/\/cykloprojekt.irt.wroc.pl\/index.php\/wp-json\/wp\/v2\/pages\/1426\/revisions\/1923"}],"wp:attachment":[{"href":"https:\/\/cykloprojekt.irt.wroc.pl\/index.php\/wp-json\/wp\/v2\/media?parent=1426"}],"curies":[{"name":"wp","href":"https:\/\/api.w.org\/{rel}","templated":true}]}}