{"id":1428,"date":"2017-02-28T13:08:28","date_gmt":"2017-02-28T12:08:28","guid":{"rendered":"http:\/\/cykloprojekt.irt.wroc.pl\/?page_id=1428"},"modified":"2017-03-13T09:42:38","modified_gmt":"2017-03-13T08:42:38","slug":"projekt","status":"publish","type":"page","link":"https:\/\/cykloprojekt.irt.wroc.pl\/index.php\/cs\/projekt\/","title":{"rendered":"Projekt"},"content":{"rendered":"<p>C\u00cdL<\/p>\n<p>C\u00edlem projektu je spu\u0161t\u011bn\u00ed iniciovan\u00e9ho procesu vypracovan\u00e9ho v\u00a0r\u00e1mci projektu \u201eKoncepce d\u00e1lkov\u00e9 cyklotrasy se\u00a0s\u00edt\u00ed p\u0159eshrani\u010dn\u00edch cyklistick\u00fdch spojek\u201c, co bude mo\u017en\u00e9 pouze d\u00edky \u00fazce spjat\u00e9 p\u0159eshrani\u010dn\u00ed spolupr\u00e1ci mezi JST a NGO v\u00a0Polsku a \u010cesk\u00e9 republice. Zapojen\u00ed subjekt\u016f ve\u0159ejn\u00e9 spr\u00e1vy, mimovl\u00e1dn\u00edch a m\u00edstn\u00edch organizac\u00ed je nezbytn\u00e9 pro z\u00edsk\u00e1n\u00ed celkov\u00e9ho pozitivn\u00edho v\u00fdsledku p\u0159eshrani\u010dn\u00ed spolupr\u00e1ce.<\/p>\n<p>\u010cINNOSTI:<\/p>\n<p>V\u00a0r\u00e1mci projektu jsou pl\u00e1novan\u00fd n\u00e1sleduj\u00edc\u00ed typy \u010dinnosti:<\/p>\n<ul>\n<li>podpora a \u0159\u00edzen\u00ed zkoordinovan\u00e9 region\u00e1ln\u00ed a m\u00edstn\u00ed politiky v\u00a0oblasti pohrani\u010d\u00ed,<\/li>\n<li>iniciov\u00e1n\u00ed procesu zav\u00e1d\u011bn\u00ed schv\u00e1len\u00e9 Koncepce.<\/li>\n<\/ul>\n<p>V\u00ddSLEDKY:<\/p>\n<p>V\u00a0r\u00e1mci projektu je o\u010dek\u00e1v\u00e1n zv\u011bt\u0161en\u00fd z\u00e1jem o cykloturistiku, zv\u011bt\u0161en\u00ed znalosti v\u00a0oblasti vytv\u00e1\u0159en\u00ed atraktivn\u00edch turistick\u00fdch nab\u00eddek pro cyklisty, zlep\u0161en\u00ed spolupr\u00e1ce a soudr\u017enosti m\u00edstn\u00edch organizac\u00ed.<\/p>\n<p>Navrhovan\u00e9 Koncep\u010dn\u00ed mechanizmy jednotliv\u00fdch \u010dinnosti maj\u00ed b\u00fdt z\u00e1kladem k\u00a0\u0159\u00edzen\u00ed zkoordinovan\u00e9 politiky region\u00e1ln\u00edch a m\u00edstn\u00edch samospr\u00e1v, v\u00a0rozsahu rozvoje p\u0159eshrani\u010dn\u00ed cykloturistiky a rovn\u011b\u017e maj\u00ed pouk\u00e1zat na pragmatick\u00e1 \u0159e\u0161en\u00ed, tykaj\u00edc\u00ed se zlep\u0161en\u00ed organiza\u010dn\u00edch a prostorov\u00fdch podm\u00ednek pro investice spojen\u00e9 s\u00a0cykloturistikou.<\/p>\n<p>FINANCOV\u00c1N\u00cd:<\/p>\n<p>Projekt je spolufinancov\u00e1n z\u00a0prost\u0159edk\u016f Evropsk\u00e9ho fondu region\u00e1ln\u00edho rozvoje, prost\u0159ednictv\u00edm programu INTERREG V-A Polsko \u2013 \u010cesk\u00e1 republika. L\u00eddrem projektu je Wojew\u00f3dztwo Dolno\u015bl\u0105skie reprezentovan\u00e9 Institutem Rozwoju Terytorialnego, organiza\u010dn\u00ed subjekt samospr\u00e1vy wojew\u00f3dztwa dolno\u015bl\u0105skiego.<\/p>\n<p>V\u00edce informaci o projektu: <a href=\"http:\/\/cykloprojekt.irt.wroc.pl\/wp-content\/uploads\/2017\/02\/Popis-projektu.pdf\">POPIS PROJEKTU<\/a>.<\/p>\n<p style=\"text-align: left;\"><a href=\"http:\/\/cykloprojekt.irt.wroc.pl\/wp-content\/uploads\/2017\/02\/Obszar-realizacji-zada\u0144-1.jpg\"><img decoding=\"async\" loading=\"lazy\" class=\"alignleft wp-image-1683 size-large\" src=\"http:\/\/cykloprojekt.irt.wroc.pl\/wp-content\/uploads\/2017\/02\/Obszar-realizacji-zada\u0144-1-1024x725.jpg\" width=\"640\" height=\"453\" srcset=\"https:\/\/cykloprojekt.irt.wroc.pl\/wp-content\/uploads\/2017\/02\/Obszar-realizacji-zada\u0144-1-1024x725.jpg 1024w, https:\/\/cykloprojekt.irt.wroc.pl\/wp-content\/uploads\/2017\/02\/Obszar-realizacji-zada\u0144-1-300x212.jpg 300w, https:\/\/cykloprojekt.irt.wroc.pl\/wp-content\/uploads\/2017\/02\/Obszar-realizacji-zada\u0144-1-768x543.jpg 768w\" sizes=\"(max-width: 640px) 100vw, 640px\" \/><\/a><\/p>\n","protected":false},"excerpt":{"rendered":"<p>C\u00cdL C\u00edlem projektu je spu\u0161t\u011bn\u00ed iniciovan\u00e9ho procesu vypracovan\u00e9ho v\u00a0r\u00e1mci projektu \u201eKoncepce d\u00e1lkov\u00e9 cyklotrasy se\u00a0s\u00edt\u00ed p\u0159eshrani\u010dn\u00edch cyklistick\u00fdch spojek\u201c, co bude mo\u017en\u00e9 pouze d\u00edky \u00fazce&#8230;<\/p>\n","protected":false},"author":1,"featured_media":0,"parent":0,"menu_order":0,"comment_status":"closed","ping_status":"closed","template":"","meta":[],"_links":{"self":[{"href":"https:\/\/cykloprojekt.irt.wroc.pl\/index.php\/wp-json\/wp\/v2\/pages\/1428"}],"collection":[{"href":"https:\/\/cykloprojekt.irt.wroc.pl\/index.php\/wp-json\/wp\/v2\/pages"}],"about":[{"href":"https:\/\/cykloprojekt.irt.wroc.pl\/index.php\/wp-json\/wp\/v2\/types\/page"}],"author":[{"embeddable":true,"href":"https:\/\/cykloprojekt.irt.wroc.pl\/index.php\/wp-json\/wp\/v2\/users\/1"}],"replies":[{"embeddable":true,"href":"https:\/\/cykloprojekt.irt.wroc.pl\/index.php\/wp-json\/wp\/v2\/comments?post=1428"}],"version-history":[{"count":5,"href":"https:\/\/cykloprojekt.irt.wroc.pl\/index.php\/wp-json\/wp\/v2\/pages\/1428\/revisions"}],"predecessor-version":[{"id":1803,"href":"https:\/\/cykloprojekt.irt.wroc.pl\/index.php\/wp-json\/wp\/v2\/pages\/1428\/revisions\/1803"}],"wp:attachment":[{"href":"https:\/\/cykloprojekt.irt.wroc.pl\/index.php\/wp-json\/wp\/v2\/media?parent=1428"}],"curies":[{"name":"wp","href":"https:\/\/api.w.org\/{rel}","templated":true}]}}