{"id":2116,"date":"2018-01-10T09:53:30","date_gmt":"2018-01-10T08:53:30","guid":{"rendered":"http:\/\/cykloprojekt.irt.wroc.pl\/?page_id=2116"},"modified":"2019-09-11T09:21:53","modified_gmt":"2019-09-11T07:21:53","slug":"newsletter-2","status":"publish","type":"page","link":"https:\/\/cykloprojekt.irt.wroc.pl\/index.php\/cs\/newsletter-2\/","title":{"rendered":"NEWSLETTER"},"content":{"rendered":"<p>Zveme v\u00e1s, abyste se sezn\u00e1mili s nejd\u016fle\u017eit\u011bj\u0161\u00edmi ud\u00e1lostmi Cykloprojektu.<\/p>\n<p>&nbsp;<\/p>\n<p><a href=\"http:\/\/cykloprojekt.irt.wroc.pl\/wp-content\/uploads\/2018\/01\/newsletter_cr_pl.pdf\">Newsletter 01\/2018<\/a><\/p>\n<p><a href=\"http:\/\/cykloprojekt.irt.wroc.pl\/wp-content\/uploads\/2019\/02\/2-newsletter_CZ-PL_2018.pdf\">Newsletter 02\/2018<\/a><\/p>\n<p><a href=\"http:\/\/cykloprojekt.irt.wroc.pl\/wp-content\/uploads\/2019\/09\/3-newsletter-2019-CZ-PL-1.pdf\">Newsletter 03\/2019<\/a><\/p>\n","protected":false},"excerpt":{"rendered":"<p>Zveme v\u00e1s, abyste se sezn\u00e1mili s nejd\u016fle\u017eit\u011bj\u0161\u00edmi ud\u00e1lostmi Cykloprojektu. &nbsp; Newsletter 01\/2018 Newsletter 02\/2018 Newsletter 03\/2019<\/p>\n","protected":false},"author":2,"featured_media":0,"parent":0,"menu_order":0,"comment_status":"closed","ping_status":"closed","template":"","meta":[],"_links":{"self":[{"href":"https:\/\/cykloprojekt.irt.wroc.pl\/index.php\/wp-json\/wp\/v2\/pages\/2116"}],"collection":[{"href":"https:\/\/cykloprojekt.irt.wroc.pl\/index.php\/wp-json\/wp\/v2\/pages"}],"about":[{"href":"https:\/\/cykloprojekt.irt.wroc.pl\/index.php\/wp-json\/wp\/v2\/types\/page"}],"author":[{"embeddable":true,"href":"https:\/\/cykloprojekt.irt.wroc.pl\/index.php\/wp-json\/wp\/v2\/users\/2"}],"replies":[{"embeddable":true,"href":"https:\/\/cykloprojekt.irt.wroc.pl\/index.php\/wp-json\/wp\/v2\/comments?post=2116"}],"version-history":[{"count":6,"href":"https:\/\/cykloprojekt.irt.wroc.pl\/index.php\/wp-json\/wp\/v2\/pages\/2116\/revisions"}],"predecessor-version":[{"id":2616,"href":"https:\/\/cykloprojekt.irt.wroc.pl\/index.php\/wp-json\/wp\/v2\/pages\/2116\/revisions\/2616"}],"wp:attachment":[{"href":"https:\/\/cykloprojekt.irt.wroc.pl\/index.php\/wp-json\/wp\/v2\/media?parent=2116"}],"curies":[{"name":"wp","href":"https:\/\/api.w.org\/{rel}","templated":true}]}}